{"id":2309,"date":"2026-02-10T14:22:45","date_gmt":"2026-02-10T14:22:45","guid":{"rendered":"https:\/\/www.lv8.app\/?page_id=2309"},"modified":"2026-02-13T07:30:56","modified_gmt":"2026-02-13T07:30:56","slug":"download-the-app","status":"publish","type":"page","link":"https:\/\/www.lv8.app\/en\/download-the-app\/","title":{"rendered":"Download the app"},"content":{"rendered":"<div data-elementor-type=\"wp-page\" data-elementor-id=\"2309\" class=\"elementor elementor-2309\" data-elementor-post-type=\"page\">\n\t\t\t\t<div class=\"elementor-element elementor-element-661615a lv8-gradient-bg e-flex e-con-boxed e-con e-parent\" data-id=\"661615a\" data-element_type=\"container\" data-settings=\"{&quot;background_background&quot;:&quot;classic&quot;}\">\n\t\t\t\t\t<div class=\"e-con-inner\">\n\t\t<div class=\"elementor-element elementor-element-d6dafe3 e-flex e-con-boxed e-con e-child\" data-id=\"d6dafe3\" data-element_type=\"container\">\n\t\t\t\t\t<div class=\"e-con-inner\">\n\t\t<div class=\"elementor-element elementor-element-4d2c2db e-con-full e-flex e-con e-child\" data-id=\"4d2c2db\" data-element_type=\"container\">\n\t\t<div class=\"elementor-element elementor-element-8ef0e65 e-con-full e-flex e-con e-child\" data-id=\"8ef0e65\" data-element_type=\"container\">\n\t\t\t\t<div class=\"elementor-element elementor-element-372b5ea elementor-widget elementor-widget-heading\" data-id=\"372b5ea\" data-element_type=\"widget\" data-widget_type=\"heading.default\">\n\t\t\t\t<div class=\"elementor-widget-container\">\n\t\t\t<style>\/*! elementor - v3.22.0 - 26-06-2024 *\/\n.elementor-heading-title{padding:0;margin:0;line-height:1}.elementor-widget-heading .elementor-heading-title[class*=elementor-size-]>a{color:inherit;font-size:inherit;line-height:inherit}.elementor-widget-heading .elementor-heading-title.elementor-size-small{font-size:15px}.elementor-widget-heading .elementor-heading-title.elementor-size-medium{font-size:19px}.elementor-widget-heading .elementor-heading-title.elementor-size-large{font-size:29px}.elementor-widget-heading .elementor-heading-title.elementor-size-xl{font-size:39px}.elementor-widget-heading .elementor-heading-title.elementor-size-xxl{font-size:59px}<\/style><h1 class=\"elementor-heading-title elementor-size-default\">Download the                 \n<span class=\"lv8-highlight\">app<\/span><\/h1>\t\t<\/div>\n\t\t\t\t<\/div>\n\t\t\t\t<div class=\"elementor-element elementor-element-caafc38 elementor-widget elementor-widget-text-editor\" data-id=\"caafc38\" data-element_type=\"widget\" data-widget_type=\"text-editor.default\">\n\t\t\t\t<div class=\"elementor-widget-container\">\n\t\t\t<style>\/*! elementor - v3.22.0 - 26-06-2024 *\/\n.elementor-widget-text-editor.elementor-drop-cap-view-stacked .elementor-drop-cap{background-color:#69727d;color:#fff}.elementor-widget-text-editor.elementor-drop-cap-view-framed .elementor-drop-cap{color:#69727d;border:3px solid;background-color:transparent}.elementor-widget-text-editor:not(.elementor-drop-cap-view-default) .elementor-drop-cap{margin-top:8px}.elementor-widget-text-editor:not(.elementor-drop-cap-view-default) .elementor-drop-cap-letter{width:1em;height:1em}.elementor-widget-text-editor .elementor-drop-cap{float:left;text-align:center;line-height:1;font-size:50px}.elementor-widget-text-editor .elementor-drop-cap-letter{display:inline-block}<\/style>\t\t\t\tAvailable on iOS and Android.\t\t\t\t\t\t<\/div>\n\t\t\t\t<\/div>\n\t\t\t\t<\/div>\n\t\t\t\t<\/div>\n\t\t<div class=\"elementor-element elementor-element-47ba727 e-con-full e-flex e-con e-child\" data-id=\"47ba727\" data-element_type=\"container\">\n\t\t<div class=\"elementor-element elementor-element-7d7ff7f e-con-full e-flex e-con e-child\" data-id=\"7d7ff7f\" data-element_type=\"container\" data-settings=\"{&quot;background_background&quot;:&quot;classic&quot;}\">\n\t\t<div class=\"elementor-element elementor-element-6b740af e-con-full e-flex e-con e-child\" data-id=\"6b740af\" data-element_type=\"container\" data-settings=\"{&quot;background_background&quot;:&quot;classic&quot;}\">\n\t\t\t\t<div class=\"elementor-element elementor-element-92bfccd elementor-widget elementor-widget-image\" data-id=\"92bfccd\" data-element_type=\"widget\" data-widget_type=\"image.default\">\n\t\t\t\t<div class=\"elementor-widget-container\">\n\t\t\t<style>\/*! elementor - v3.22.0 - 26-06-2024 *\/\n.elementor-widget-image{text-align:center}.elementor-widget-image a{display:inline-block}.elementor-widget-image a img[src$=\".svg\"]{width:48px}.elementor-widget-image img{vertical-align:middle;display:inline-block}<\/style>\t\t\t\t\t\t\t\t\t\t<img fetchpriority=\"high\" decoding=\"async\" width=\"293\" height=\"294\" src=\"https:\/\/www.lv8.app\/wp-content\/uploads\/2026\/02\/img_lv8_pour_ios.png\" class=\"attachment-full size-full wp-image-2322\" alt=\"\" srcset=\"https:\/\/www.lv8.app\/wp-content\/uploads\/2026\/02\/img_lv8_pour_ios.png 293w, https:\/\/www.lv8.app\/wp-content\/uploads\/2026\/02\/img_lv8_pour_ios-150x150.png 150w, https:\/\/www.lv8.app\/wp-content\/uploads\/2026\/02\/img_lv8_pour_ios-12x12.png 12w\" sizes=\"(max-width: 293px) 100vw, 293px\" \/>\t\t\t\t\t\t\t\t\t\t\t\t\t<\/div>\n\t\t\t\t<\/div>\n\t\t\t\t<\/div>\n\t\t<div class=\"elementor-element elementor-element-1b0b4cd e-con-full e-flex e-con e-child\" data-id=\"1b0b4cd\" data-element_type=\"container\">\n\t\t\t\t<div class=\"elementor-element elementor-element-0042ecc elementor-widget elementor-widget-icon-box\" data-id=\"0042ecc\" data-element_type=\"widget\" data-widget_type=\"icon-box.default\">\n\t\t\t\t<div class=\"elementor-widget-container\">\n\t\t\t<link rel=\"stylesheet\" href=\"https:\/\/www.lv8.app\/wp-content\/plugins\/elementor\/assets\/css\/widget-icon-box.min.css\">\t\t<div class=\"elementor-icon-box-wrapper\">\n\n\t\t\t\n\t\t\t\t\t\t<div class=\"elementor-icon-box-content\">\n\n\t\t\t\t\t\t\t\t\t<h3 class=\"elementor-icon-box-title\">\n\t\t\t\t\t\t<span  >\n\t\t\t\t\t\t\tLV8 for iOS\t\t\t\t\t\t<\/span>\n\t\t\t\t\t<\/h3>\n\t\t\t\t\n\t\t\t\t\t\t\t\t\t<p class=\"elementor-icon-box-description\">\n\t\t\t\t\t\tRestart. Build consistency. Level up.\t\t\t\t\t<\/p>\n\t\t\t\t\n\t\t\t<\/div>\n\t\t\t\n\t\t<\/div>\n\t\t\t\t<\/div>\n\t\t\t\t<\/div>\n\t\t\t\t<\/div>\n\t\t<div class=\"elementor-element elementor-element-d3ab54a e-con-full e-flex e-con e-child\" data-id=\"d3ab54a\" data-element_type=\"container\">\n\t\t\t\t<div class=\"elementor-element elementor-element-8a25e68 lv8-gradient-color elementor-align-justify elementor-widget__width-inherit elementor-widget elementor-widget-button\" data-id=\"8a25e68\" data-element_type=\"widget\" data-widget_type=\"button.default\">\n\t\t\t\t<div class=\"elementor-widget-container\">\n\t\t\t\t\t<div class=\"elementor-button-wrapper\">\n\t\t\t<a class=\"elementor-button elementor-button-link elementor-size-sm elementor-animation-shrink\" href=\"https:\/\/apps.apple.com\/fr\/app\/lv8-muscu-xp-et-routine\/id6754395894\">\n\t\t\t\t\t\t<span class=\"elementor-button-content-wrapper\">\n\t\t\t\t\t\t\t\t\t<span class=\"elementor-button-text\">Appstore<\/span>\n\t\t\t\t\t<\/span>\n\t\t\t\t\t<\/a>\n\t\t<\/div>\n\t\t\t\t<\/div>\n\t\t\t\t<\/div>\n\t\t\t\t<\/div>\n\t\t\t\t<\/div>\n\t\t<div class=\"elementor-element elementor-element-0ea1eaf e-con-full e-flex e-con e-child\" data-id=\"0ea1eaf\" data-element_type=\"container\" data-settings=\"{&quot;background_background&quot;:&quot;classic&quot;}\">\n\t\t<div class=\"elementor-element elementor-element-d78a921 e-con-full e-flex e-con e-child\" data-id=\"d78a921\" data-element_type=\"container\" data-settings=\"{&quot;background_background&quot;:&quot;classic&quot;}\">\n\t\t\t\t<div class=\"elementor-element elementor-element-6b0c9b3 elementor-widget elementor-widget-image\" data-id=\"6b0c9b3\" data-element_type=\"widget\" data-widget_type=\"image.default\">\n\t\t\t\t<div class=\"elementor-widget-container\">\n\t\t\t\t\t\t\t\t\t\t\t\t\t<img fetchpriority=\"high\" decoding=\"async\" width=\"293\" height=\"294\" src=\"https:\/\/www.lv8.app\/wp-content\/uploads\/2026\/02\/img_lv8_pour_ios.png\" class=\"attachment-full size-full wp-image-2322\" alt=\"\" srcset=\"https:\/\/www.lv8.app\/wp-content\/uploads\/2026\/02\/img_lv8_pour_ios.png 293w, https:\/\/www.lv8.app\/wp-content\/uploads\/2026\/02\/img_lv8_pour_ios-150x150.png 150w, https:\/\/www.lv8.app\/wp-content\/uploads\/2026\/02\/img_lv8_pour_ios-12x12.png 12w\" sizes=\"(max-width: 293px) 100vw, 293px\" \/>\t\t\t\t\t\t\t\t\t\t\t\t\t<\/div>\n\t\t\t\t<\/div>\n\t\t\t\t<\/div>\n\t\t<div class=\"elementor-element elementor-element-317be6b e-con-full e-flex e-con e-child\" data-id=\"317be6b\" data-element_type=\"container\">\n\t\t\t\t<div class=\"elementor-element elementor-element-3b1c6cf elementor-widget elementor-widget-icon-box\" data-id=\"3b1c6cf\" data-element_type=\"widget\" data-widget_type=\"icon-box.default\">\n\t\t\t\t<div class=\"elementor-widget-container\">\n\t\t\t\t\t<div class=\"elementor-icon-box-wrapper\">\n\n\t\t\t\n\t\t\t\t\t\t<div class=\"elementor-icon-box-content\">\n\n\t\t\t\t\t\t\t\t\t<h3 class=\"elementor-icon-box-title\">\n\t\t\t\t\t\t<span  >\n\t\t\t\t\t\t\tLV8 for Android\t\t\t\t\t\t<\/span>\n\t\t\t\t\t<\/h3>\n\t\t\t\t\n\t\t\t\t\t\t\t\t\t<p class=\"elementor-icon-box-description\">\n\t\t\t\t\t\tRestart. Build consistency. Level up.\t\t\t\t\t<\/p>\n\t\t\t\t\n\t\t\t<\/div>\n\t\t\t\n\t\t<\/div>\n\t\t\t\t<\/div>\n\t\t\t\t<\/div>\n\t\t\t\t<\/div>\n\t\t<div class=\"elementor-element elementor-element-b770002 e-con-full e-flex e-con e-child\" data-id=\"b770002\" data-element_type=\"container\">\n\t\t\t\t<div class=\"elementor-element elementor-element-13611db lv8-gradient-color elementor-align-justify elementor-widget__width-inherit elementor-widget elementor-widget-button\" data-id=\"13611db\" data-element_type=\"widget\" data-widget_type=\"button.default\">\n\t\t\t\t<div class=\"elementor-widget-container\">\n\t\t\t\t\t<div class=\"elementor-button-wrapper\">\n\t\t\t<a class=\"elementor-button elementor-button-link elementor-size-sm elementor-animation-shrink\" href=\"https:\/\/play.google.com\/store\/apps\/details?id=com.lv8.app&#038;pcampaignid=web_share\">\n\t\t\t\t\t\t<span class=\"elementor-button-content-wrapper\">\n\t\t\t\t\t\t\t\t\t<span class=\"elementor-button-text\">Google Play<\/span>\n\t\t\t\t\t<\/span>\n\t\t\t\t\t<\/a>\n\t\t<\/div>\n\t\t\t\t<\/div>\n\t\t\t\t<\/div>\n\t\t\t\t<\/div>\n\t\t\t\t<\/div>\n\t\t\t\t<\/div>\n\t\t\t\t\t<\/div>\n\t\t\t\t<\/div>\n\t\t\t\t\t<\/div>\n\t\t\t\t<\/div>\n\t\t\t\t<\/div>","protected":false},"excerpt":{"rendered":"<p>T\u00e9l\u00e9charger l\u2019app Disponible sur iOS et Android LV8 pour iOS Reprends. Construis ta r\u00e9gularit\u00e9. Level up. Appstore LV8 pour Android Reprends. Construis ta r\u00e9gularit\u00e9. Level up. Google Play<\/p>","protected":false},"author":2,"featured_media":0,"parent":0,"menu_order":0,"comment_status":"closed","ping_status":"closed","template":"","meta":{"_acf_changed":false,"footnotes":""},"class_list":["post-2309","page","type-page","status-publish","hentry"],"acf":[],"_links":{"self":[{"href":"https:\/\/www.lv8.app\/en\/wp-json\/wp\/v2\/pages\/2309","targetHints":{"allow":["GET"]}}],"collection":[{"href":"https:\/\/www.lv8.app\/en\/wp-json\/wp\/v2\/pages"}],"about":[{"href":"https:\/\/www.lv8.app\/en\/wp-json\/wp\/v2\/types\/page"}],"author":[{"embeddable":true,"href":"https:\/\/www.lv8.app\/en\/wp-json\/wp\/v2\/users\/2"}],"replies":[{"embeddable":true,"href":"https:\/\/www.lv8.app\/en\/wp-json\/wp\/v2\/comments?post=2309"}],"version-history":[{"count":106,"href":"https:\/\/www.lv8.app\/en\/wp-json\/wp\/v2\/pages\/2309\/revisions"}],"predecessor-version":[{"id":2550,"href":"https:\/\/www.lv8.app\/en\/wp-json\/wp\/v2\/pages\/2309\/revisions\/2550"}],"wp:attachment":[{"href":"https:\/\/www.lv8.app\/en\/wp-json\/wp\/v2\/media?parent=2309"}],"curies":[{"name":"wp","href":"https:\/\/api.w.org\/{rel}","templated":true}]}}